{"id":11,"date":"2024-03-10T18:56:08","date_gmt":"2024-03-10T17:56:08","guid":{"rendered":"https:\/\/vlcicei.ymca-jh.cz\/?page_id=11"},"modified":"2026-04-09T23:35:20","modified_gmt":"2026-04-09T21:35:20","slug":"uvod","status":"publish","type":"page","link":"https:\/\/vlcicei.ymca-jh.cz\/","title":{"rendered":"\u00davod"},"content":{"rendered":"\n<p>V\u00edt\u00e1me v\u00e1s na str\u00e1nk\u00e1ch letn\u00edho d\u011btsk\u00e9ho t\u00e1bora Vl\u010dice I, po\u0159\u00e1dan\u00e9ho dobrovoln\u00edky z YMCA JH.<\/p>\n\n\n\n<p>Desetidenn\u00ed pr\u00e1zdninov\u00fd pobyt vprost\u0159ed lesa je ur\u010den pro <strong>d\u011bti ve \u0161koln\u00edm v\u011bku<\/strong>.<\/p>\n\n\n\n<div style=\"height:42px\" aria-hidden=\"true\" class=\"wp-block-spacer\"><\/div>\n\n\n\n<h3 class=\"wp-block-heading has-text-align-left has-white-background-color has-background\" style=\"margin-right:0;margin-left:0;padding-top:var(--wp--preset--spacing--30);padding-right:0;padding-bottom:var(--wp--preset--spacing--30);padding-left:0\"><mark style=\"background-color:rgba(0, 0, 0, 0)\" class=\"has-inline-color has-white-color\">0<\/mark>Nejnov\u011bj\u0161\u00ed p\u0159\u00edsp\u011bvky<\/h3>\n\n\n\n<div class=\"wp-block-group is-layout-flow wp-container-core-group-is-layout-f9bdef1c wp-block-group-is-layout-flow\" style=\"padding-top:30px;padding-right:0px;padding-bottom:30px;padding-left:0px\">\n<div class=\"wp-block-columns is-layout-flex wp-container-core-columns-is-layout-28f84493 wp-block-columns-is-layout-flex\">\n<div class=\"wp-block-column is-layout-flow wp-block-column-is-layout-flow\">\n<div class=\"wp-block-columns is-layout-flex wp-container-core-columns-is-layout-28f84493 wp-block-columns-is-layout-flex\">\n<div class=\"wp-block-column has-background is-layout-flow wp-block-column-is-layout-flow\" style=\"background-color:#f8f8f8;flex-basis:70%\"><ul style=\"padding-right:var(--wp--preset--spacing--40);padding-left:var(--wp--preset--spacing--40);padding-top:0;padding-bottom:0;margin-right:0;margin-left:0;margin-top:0;margin-bottom:0;\" class=\"wp-block-latest-posts__list is-grid columns-2 has-link-color wp-elements-92e9151d65f13be8c525f33a30bc7a66 wp-block-latest-posts has-text-color has-black-color has-background has-white-background-color\"><li><a class=\"wp-block-latest-posts__post-title\" href=\"https:\/\/vlcicei.ymca-jh.cz\/?p=830\">P\u0159ihla\u0161ov\u00e1n\u00ed na t\u00e1bor 2026<\/a><div class=\"wp-block-latest-posts__post-excerpt\">V\u00e1\u017een\u00ed p\u0159\u00e1tel\u00e9, p\u0159ihla\u0161ovac\u00ed syst\u00e9m je ji\u017e spu\u0161t\u011bn, p\u0159edb\u011b\u017en\u00e9 p\u0159ihl\u00e1\u0161ky lze pod\u00e1vat na adrese: https:\/\/prihlasky.ymca-jh.cz\/<\/div><\/li>\n<li><a class=\"wp-block-latest-posts__post-title\" href=\"https:\/\/vlcicei.ymca-jh.cz\/?p=754\">Ztr\u00e1ty a n\u00e1lezy<\/a><div class=\"wp-block-latest-posts__post-excerpt\">Nalezen\u00e9 v\u011bci jsou u Bl\u00e1\u017ei, tak\u017ee m\u016f\u017eete ps\u00e1t na jan.blazek@ymca-jhP\u0159\u00edpadn\u011b budou jako v\u017edy na pot\u00e1borku.<\/div><\/li>\n<\/ul><\/div>\n\n\n\n<div class=\"wp-block-column has-white-background-color has-background is-layout-flow wp-container-core-column-is-layout-6b4d0a21 wp-block-column-is-layout-flow\" style=\"border-width:13px;padding-top:var(--wp--preset--spacing--20);padding-right:0;padding-bottom:var(--wp--preset--spacing--20);padding-left:0;flex-basis:40%\">\n<iframe loading=\"lazy\" style=\"border:none\" src=\"https:\/\/frame.mapy.cz\/s\/gofelemura\" width=\"320\" height=\"300\" frameborder=\"0\"><\/iframe>\n<\/div>\n<\/div>\n<\/div>\n<\/div>\n<\/div>\n\n\n\n<div class=\"wp-block-columns is-layout-flex wp-container-core-columns-is-layout-28f84493 wp-block-columns-is-layout-flex\">\n<div class=\"wp-block-column has-global-padding is-layout-constrained wp-container-core-column-is-layout-520232fb wp-block-column-is-layout-constrained\" style=\"padding-right:0;padding-left:0\">\n<div class=\"wp-block-media-text is-stacked-on-mobile is-vertically-aligned-top has-white-background-color has-background\" style=\"margin-right:0;margin-left:0;padding-right:0;padding-left:0;grid-template-columns:15% auto\"><figure class=\"wp-block-media-text__media\"><img loading=\"lazy\" decoding=\"async\" width=\"612\" height=\"612\" src=\"https:\/\/vlcicei.ymca-jh.cz\/wp-content\/uploads\/2024\/03\/istockphoto-1212381977-612x612-1.jpg\" alt=\"\" class=\"wp-image-219 size-full\" srcset=\"https:\/\/vlcicei.ymca-jh.cz\/wp-content\/uploads\/2024\/03\/istockphoto-1212381977-612x612-1.jpg 612w, https:\/\/vlcicei.ymca-jh.cz\/wp-content\/uploads\/2024\/03\/istockphoto-1212381977-612x612-1-300x300.jpg 300w, https:\/\/vlcicei.ymca-jh.cz\/wp-content\/uploads\/2024\/03\/istockphoto-1212381977-612x612-1-150x150.jpg 150w\" sizes=\"auto, (max-width: 612px) 100vw, 612px\" \/><\/figure><div class=\"wp-block-media-text__content\">\n<ul style=\"padding-top:0;padding-right:0;padding-bottom:0;padding-left:0\" class=\"wp-block-list\">\n<li style=\"margin-right:0;margin-left:0;font-style:normal;font-weight:100;text-transform:lowercase\">01\/03\/2026 : <a href=\"https:\/\/prihlasky.ymca-jh.cz\/\" data-type=\"link\" data-id=\"https:\/\/prihlasky.ymca-jh.cz\/\">p\u0159edb\u011b\u017en\u00e9 p\u0159ihl\u00e1\u0161ky<\/a><\/li>\n\n\n\n<li>05\/06 &#8211; 07\/06: <a href=\"https:\/\/storymaps.arcgis.com\/stories\/0bebf9d078244006812cc3e1307e1d86\" data-type=\"link\" data-id=\"https:\/\/storymaps.arcgis.com\/stories\/0bebf9d078244006812cc3e1307e1d86\">Jarn\u00ed pu\u0165\u00e1k<\/a><\/li>\n\n\n\n<li style=\"margin-right:0;margin-left:0;font-style:normal;font-weight:100;text-transform:lowercase\">22\/07\/2026 : Za\u010d\u00e1tek t\u00e1bora (<strong>12:00<\/strong> na vlakov\u00e9m n\u00e1dra\u017e\u00ed JH)<\/li>\n\n\n\n<li style=\"margin-right:0;margin-left:0;font-style:normal;font-weight:100;text-transform:lowercase\">26\/07\/2026 : N\u00e1v\u0161t\u011bvn\u00ed den<\/li>\n\n\n\n<li style=\"margin-right:0;margin-left:0;font-style:normal;font-weight:100;text-transform:lowercase\">01\/02\/2026 : Konec t\u00e1bora (n\u00e1vrat na n\u00e1dra\u017e\u00ed mezi <strong>12:30-12:45<\/strong>)<\/li>\n\n\n\n<li>13\/09\/2026 : Pot\u00e1borov\u00e9 setk\u00e1n\u00ed na <a href=\"https:\/\/jindrichuv-hradec.evangnet.cz\/\" data-type=\"link\" data-id=\"https:\/\/jindrichuv-hradec.evangnet.cz\/\">fa\u0159e \u010cCE JH<\/a><\/li>\n\n\n\n<li><s>19\/09 &#8211; 21\/09: <a href=\"https:\/\/docs.google.com\/document\/d\/1GNEH-vTXWIKdF1XG3jQ34xLJiyP1uQJ_YdF6seMbZrk\/edit?tab=t.0\">Podzimn\u00ed pu\u0165\u00e1k<\/a><\/s><\/li>\n<\/ul>\n<\/div><\/div>\n<\/div>\n<\/div>\n\n\n\n<p><\/p>\n","protected":false},"excerpt":{"rendered":"<p>V\u00edt\u00e1me v\u00e1s na str\u00e1nk\u00e1ch letn\u00edho d\u011btsk\u00e9ho t\u00e1bora Vl\u010dice I, po\u0159\u00e1dan\u00e9ho dobrovoln\u00edky z YMCA JH. Desetidenn\u00ed pr\u00e1zdninov\u00fd pobyt vprost\u0159ed lesa je ur\u010den pro d\u011bti ve \u0161koln\u00edm v\u011bku. 0Nejnov\u011bj\u0161\u00ed p\u0159\u00edsp\u011bvky<\/p>\n","protected":false},"author":2,"featured_media":0,"parent":0,"menu_order":0,"comment_status":"closed","ping_status":"closed","template":"","meta":{"footnotes":""},"class_list":["post-11","page","type-page","status-publish","hentry"],"_links":{"self":[{"href":"https:\/\/vlcicei.ymca-jh.cz\/index.php?rest_route=\/wp\/v2\/pages\/11","targetHints":{"allow":["GET"]}}],"collection":[{"href":"https:\/\/vlcicei.ymca-jh.cz\/index.php?rest_route=\/wp\/v2\/pages"}],"about":[{"href":"https:\/\/vlcicei.ymca-jh.cz\/index.php?rest_route=\/wp\/v2\/types\/page"}],"author":[{"embeddable":true,"href":"https:\/\/vlcicei.ymca-jh.cz\/index.php?rest_route=\/wp\/v2\/users\/2"}],"replies":[{"embeddable":true,"href":"https:\/\/vlcicei.ymca-jh.cz\/index.php?rest_route=%2Fwp%2Fv2%2Fcomments&post=11"}],"version-history":[{"count":51,"href":"https:\/\/vlcicei.ymca-jh.cz\/index.php?rest_route=\/wp\/v2\/pages\/11\/revisions"}],"predecessor-version":[{"id":836,"href":"https:\/\/vlcicei.ymca-jh.cz\/index.php?rest_route=\/wp\/v2\/pages\/11\/revisions\/836"}],"wp:attachment":[{"href":"https:\/\/vlcicei.ymca-jh.cz\/index.php?rest_route=%2Fwp%2Fv2%2Fmedia&parent=11"}],"curies":[{"name":"wp","href":"https:\/\/api.w.org\/{rel}","templated":true}]}}